{"id":38,"date":"2025-09-17T08:16:38","date_gmt":"2025-09-17T08:16:38","guid":{"rendered":"https:\/\/gazdljt.cluster100.hosting.ovh.net\/?page_id=38"},"modified":"2026-01-02T10:36:38","modified_gmt":"2026-01-02T10:36:38","slug":"a-propos","status":"publish","type":"page","link":"https:\/\/www.codamedia.fr\/index.php\/a-propos\/","title":{"rendered":"A propos"},"content":{"rendered":"\t\t<div data-elementor-type=\"wp-page\" data-elementor-id=\"38\" class=\"elementor elementor-38\" data-elementor-post-type=\"page\">\n\t\t\t\t<div class=\"elementor-element elementor-element-0a2135a e-flex e-con-boxed e-con e-parent\" data-id=\"0a2135a\" data-element_type=\"container\" data-e-type=\"container\">\n\t\t\t\t\t<div class=\"e-con-inner\">\n\t\t\t\t<div class=\"elementor-element elementor-element-7b5673d elementor-widget elementor-widget-heading\" data-id=\"7b5673d\" data-element_type=\"widget\" data-e-type=\"widget\" data-widget_type=\"heading.default\">\n\t\t\t\t\t<h2 class=\"elementor-heading-title elementor-size-default\">A PROPOS<\/h2>\t\t\t\t<\/div>\n\t\t\t\t<div class=\"elementor-element elementor-element-c2c26fc elementor-widget elementor-widget-text-editor\" data-id=\"c2c26fc\" data-element_type=\"widget\" data-e-type=\"widget\" data-widget_type=\"text-editor.default\">\n\t\t\t\t\t\t\t\t\t<p>Coda M\u00e9dia, c\u2019est avant tout une aventure humaine et artistique, n\u00e9e en 2017 de la passion commune de Maryse et Alain, un couple uni par l\u2019amour de la musique et du cin\u00e9ma. Nous avons fond\u00e9 Coda M\u00e9dia avec une mission simple mais ambitieuse : allier cr\u00e9ativit\u00e9 et expertise pour accompagner les artistes et les entreprises dans leurs projets culturels et de communication.<\/p>\t\t\t\t\t\t\t\t<\/div>\n\t\t\t\t\t<\/div>\n\t\t\t\t<\/div>\n\t\t<div class=\"elementor-element elementor-element-611270e e-flex e-con-boxed e-con e-parent\" data-id=\"611270e\" data-element_type=\"container\" data-e-type=\"container\" data-settings=\"{&quot;background_background&quot;:&quot;classic&quot;}\">\n\t\t\t\t\t<div class=\"e-con-inner\">\n\t\t\t\t<div class=\"elementor-element elementor-element-0e413ee elementor-widget elementor-widget-heading\" data-id=\"0e413ee\" data-element_type=\"widget\" data-e-type=\"widget\" data-widget_type=\"heading.default\">\n\t\t\t\t\t<h2 class=\"elementor-heading-title elementor-size-default\">Nos services : de la sc\u00e8ne \u00e0 la strat\u00e9gie<\/h2>\t\t\t\t<\/div>\n\t\t\t\t<div class=\"elementor-element elementor-element-9242014 elementor-widget elementor-widget-text-editor\" data-id=\"9242014\" data-element_type=\"widget\" data-e-type=\"widget\" data-widget_type=\"text-editor.default\">\n\t\t\t\t\t\t\t\t\t<p>Nous croyons que chaque projet m\u00e9rite un accompagnement unique et sur-mesure.&nbsp;<\/p><p><br><\/p><p>C\u2019est pourquoi nous avons d\u00e9velopp\u00e9 une offre compl\u00e8te qui couvre aussi bien la production de spectacles, l\u2019organisation de conf\u00e9rences que la cr\u00e9ation de strat\u00e9gies de communication innovantes. Que vous soyez une entreprise \u00e0 la recherche de visibilit\u00e9 ou un artiste souhaitant se produire, Coda M\u00e9dia vous propose des solutions cr\u00e9atives adapt\u00e9es \u00e0 vos besoins.<\/p><p><br><\/p><p>Spectacles et \u00e9v\u00e9nements : Nous mettons en sc\u00e8ne des spectacles qui allient performance artistique et rigueur professionnelle. Nos productions sont pens\u00e9es pour captiver et marquer les esprits, toujours avec une touche d\u2019innovation.<\/p><p><br><\/p><p>Conf\u00e9rences : Envie de plonger dans l\u2019univers de la musique ? Nos conf\u00e9rences offrent une immersion dans l\u2019histoire et la culture musicale, pour des exp\u00e9riences \u00e0 la fois enrichissantes et inspirantes.<\/p>\t\t\t\t\t\t\t\t<\/div>\n\t\t\t\t<div class=\"elementor-element elementor-element-04506cb elementor-align-center elementor-widget elementor-widget-button\" data-id=\"04506cb\" data-element_type=\"widget\" data-e-type=\"widget\" data-widget_type=\"button.default\">\n\t\t\t\t\t\t\t\t\t\t<a class=\"elementor-button elementor-button-link elementor-size-sm\" href=\"https:\/\/www.codamedia.fr\/index.php\/spectacles\/\">\n\t\t\t\t\t\t<span class=\"elementor-button-content-wrapper\">\n\t\t\t\t\t\t\t\t\t<span class=\"elementor-button-text\">NOTRE CATALOGUE<\/span>\n\t\t\t\t\t<\/span>\n\t\t\t\t\t<\/a>\n\t\t\t\t\t\t\t\t<\/div>\n\t\t\t\t\t<\/div>\n\t\t\t\t<\/div>\n\t\t<div class=\"elementor-element elementor-element-d7ae61f e-flex e-con-boxed e-con e-parent\" data-id=\"d7ae61f\" data-element_type=\"container\" data-e-type=\"container\">\n\t\t\t\t\t<div class=\"e-con-inner\">\n\t\t\t\t<div class=\"elementor-element elementor-element-6e34e67 elementor-widget elementor-widget-heading\" data-id=\"6e34e67\" data-element_type=\"widget\" data-e-type=\"widget\" data-widget_type=\"heading.default\">\n\t\t\t\t\t<h2 class=\"elementor-heading-title elementor-size-default\">Coda Formation : transmettre et professionnaliser<\/h2>\t\t\t\t<\/div>\n\t\t\t\t<div class=\"elementor-element elementor-element-aadcc02 elementor-widget elementor-widget-text-editor\" data-id=\"aadcc02\" data-element_type=\"widget\" data-e-type=\"widget\" data-widget_type=\"text-editor.default\">\n\t\t\t\t\t\t\t\t\t<p>Avec Coda Formation, nous nous engageons \u00e0 soutenir les intermittents du spectacle et les talents en devenir. Nos formations sont con\u00e7ues pour vous aider \u00e0 d\u00e9velopper vos comp\u00e9tences professionnelles, que ce soit sur sc\u00e8ne ou dans les coulisses.<\/p><p>Nos programmes pratiques et personnalis\u00e9s couvrent un large \u00e9ventail de th\u00e9matiques : prospection, prise de parole en public, captation vid\u00e9o, gestion des r\u00e9seaux sociaux, et bien plus encore.<\/p><p>Nous vous guidons dans votre parcours pour faire de vos projets des r\u00e9alit\u00e9s concr\u00e8tes et durables.<\/p>\t\t\t\t\t\t\t\t<\/div>\n\t\t\t\t<div class=\"elementor-element elementor-element-52b4791 elementor-align-center elementor-widget elementor-widget-button\" data-id=\"52b4791\" data-element_type=\"widget\" data-e-type=\"widget\" data-widget_type=\"button.default\">\n\t\t\t\t\t\t\t\t\t\t<a class=\"elementor-button elementor-button-link elementor-size-sm\" href=\"https:\/\/www.codamedia.fr\/index.php\/formations\/\">\n\t\t\t\t\t\t<span class=\"elementor-button-content-wrapper\">\n\t\t\t\t\t\t\t\t\t<span class=\"elementor-button-text\">NOS FORMATIONS<\/span>\n\t\t\t\t\t<\/span>\n\t\t\t\t\t<\/a>\n\t\t\t\t\t\t\t\t<\/div>\n\t\t\t\t\t<\/div>\n\t\t\t\t<\/div>\n\t\t<div class=\"elementor-element elementor-element-80b8b31 e-flex e-con-boxed e-con e-parent\" data-id=\"80b8b31\" data-element_type=\"container\" data-e-type=\"container\" data-settings=\"{&quot;background_background&quot;:&quot;classic&quot;}\">\n\t\t\t\t\t<div class=\"e-con-inner\">\n\t\t\t\t<div class=\"elementor-element elementor-element-18cbe98 elementor-widget elementor-widget-heading\" data-id=\"18cbe98\" data-element_type=\"widget\" data-e-type=\"widget\" data-widget_type=\"heading.default\">\n\t\t\t\t\t<h2 class=\"elementor-heading-title elementor-size-default\">Agence de Communication : <br> donner vie \u00e0 votre image <\/br><\/h2>\t\t\t\t<\/div>\n\t\t\t\t<div class=\"elementor-element elementor-element-ea74b8e elementor-widget elementor-widget-text-editor\" data-id=\"ea74b8e\" data-element_type=\"widget\" data-e-type=\"widget\" data-widget_type=\"text-editor.default\">\n\t\t\t\t\t\t\t\t\t<p>En parall\u00e8le, notre agence de communication se sp\u00e9cialise dans la cr\u00e9ation de strat\u00e9gies sur-mesure pour les artistes et les entreprises.<\/p><p>Que vous ayez besoin d\u2019un audit complet, d\u2019un Pack Lancement incluant la cr\u00e9ation de votre logo, de votre site internet, et de votre strat\u00e9gie marketing, ou d\u2019un Pack Routine pour la gestion quotidienne de vos r\u00e9seaux sociaux, nous sommes \u00e0 vos c\u00f4t\u00e9s.<\/p><p>Pour des besoins sp\u00e9cifiques, notre Pack Sur-Mesure vous permet de composer une offre adapt\u00e9e \u00e0 vos objectifs.<\/p>\t\t\t\t\t\t\t\t<\/div>\n\t\t\t\t\t<\/div>\n\t\t\t\t<\/div>\n\t\t<div class=\"elementor-element elementor-element-6733a39 e-flex e-con-boxed e-con e-parent\" data-id=\"6733a39\" data-element_type=\"container\" data-e-type=\"container\">\n\t\t\t\t\t<div class=\"e-con-inner\">\n\t\t\t\t<div class=\"elementor-element elementor-element-c0643d7 elementor-widget elementor-widget-heading\" data-id=\"c0643d7\" data-element_type=\"widget\" data-e-type=\"widget\" data-widget_type=\"heading.default\">\n\t\t\t\t\t<h2 class=\"elementor-heading-title elementor-size-default\">Notre  <\/br> engagement :  un accompagnement humain<\/h2>\t\t\t\t<\/div>\n\t\t\t\t<div class=\"elementor-element elementor-element-88bc365 elementor-widget elementor-widget-text-editor\" data-id=\"88bc365\" data-element_type=\"widget\" data-e-type=\"widget\" data-widget_type=\"text-editor.default\">\n\t\t\t\t\t\t\t\t\t<p>Chez Coda M\u00e9dia, nous croyons fermement \u00e0 l\u2019importance de l\u2019accompagnement personnalis\u00e9. Chaque projet, qu\u2019il soit artistique ou entrepreneurial, m\u00e9rite une approche humaine et d\u00e9di\u00e9e. Nous mettons notre expertise et notre passion au service de vos ambitions, pour que chaque collaboration soit synonyme de succ\u00e8s.<\/p><p>Ensemble, r\u00e9v\u00e9lons vos talents et faisons de vos id\u00e9es des r\u00e9alit\u00e9s vibrantes !<\/p>\t\t\t\t\t\t\t\t<\/div>\n\t\t\t\t<div class=\"elementor-element elementor-element-63601a5 elementor-align-center elementor-widget elementor-widget-button\" data-id=\"63601a5\" data-element_type=\"widget\" data-e-type=\"widget\" data-widget_type=\"button.default\">\n\t\t\t\t\t\t\t\t\t\t<a class=\"elementor-button elementor-button-link elementor-size-sm\" href=\"https:\/\/www.codamedia.fr\/index.php\/contact\/\">\n\t\t\t\t\t\t<span class=\"elementor-button-content-wrapper\">\n\t\t\t\t\t\t\t\t\t<span class=\"elementor-button-text\">UN PROJET ? CONTACTEZ-NOUS !<\/span>\n\t\t\t\t\t<\/span>\n\t\t\t\t\t<\/a>\n\t\t\t\t\t\t\t\t<\/div>\n\t\t\t\t\t<\/div>\n\t\t\t\t<\/div>\n\t\t<div class=\"elementor-element elementor-element-72157309 e-flex e-con-boxed e-con e-parent\" data-id=\"72157309\" data-element_type=\"container\" data-e-type=\"container\">\n\t\t\t\t\t<div class=\"e-con-inner\">\n\t\t\t\t<div class=\"elementor-element elementor-element-58987ffa elementor-widget elementor-widget-heading\" data-id=\"58987ffa\" data-element_type=\"widget\" data-e-type=\"widget\" data-widget_type=\"heading.default\">\n\t\t\t\t\t<h2 class=\"elementor-heading-title elementor-size-default\">NOTRE \u00c9QUIPE<\/h2>\t\t\t\t<\/div>\n\t\t\t\t<div class=\"elementor-element elementor-element-47d43c5 elementor-widget elementor-widget-text-editor\" data-id=\"47d43c5\" data-element_type=\"widget\" data-e-type=\"widget\" data-widget_type=\"text-editor.default\">\n\t\t\t\t\t\t\t\t\t<p>D\u00e9couvrez l\u2019\u00e9quipe CODA<\/p>\t\t\t\t\t\t\t\t<\/div>\n\t\t\t\t<div class=\"elementor-element elementor-element-37fbf482 elementor-widget__width-initial elementor-widget elementor-widget-image\" data-id=\"37fbf482\" data-element_type=\"widget\" data-e-type=\"widget\" data-widget_type=\"image.default\">\n\t\t\t\t\t\t\t\t\t\t\t\t\t\t\t<img fetchpriority=\"high\" decoding=\"async\" width=\"800\" height=\"566\" src=\"https:\/\/www.codamedia.fr\/wp-content\/uploads\/2026\/01\/Copie-de-MAJ-080224_ORGANIGRAMME-DES-PERMANENTS-CODA-1024x724.png\" class=\"attachment-large size-large wp-image-622\" alt=\"\" srcset=\"https:\/\/www.codamedia.fr\/wp-content\/uploads\/2026\/01\/Copie-de-MAJ-080224_ORGANIGRAMME-DES-PERMANENTS-CODA-1024x724.png 1024w, https:\/\/www.codamedia.fr\/wp-content\/uploads\/2026\/01\/Copie-de-MAJ-080224_ORGANIGRAMME-DES-PERMANENTS-CODA-300x212.png 300w, https:\/\/www.codamedia.fr\/wp-content\/uploads\/2026\/01\/Copie-de-MAJ-080224_ORGANIGRAMME-DES-PERMANENTS-CODA-768x543.png 768w, https:\/\/www.codamedia.fr\/wp-content\/uploads\/2026\/01\/Copie-de-MAJ-080224_ORGANIGRAMME-DES-PERMANENTS-CODA-1536x1086.png 1536w, https:\/\/www.codamedia.fr\/wp-content\/uploads\/2026\/01\/Copie-de-MAJ-080224_ORGANIGRAMME-DES-PERMANENTS-CODA-2048x1448.png 2048w, https:\/\/www.codamedia.fr\/wp-content\/uploads\/2026\/01\/Copie-de-MAJ-080224_ORGANIGRAMME-DES-PERMANENTS-CODA-200x141.png 200w\" sizes=\"(max-width: 800px) 100vw, 800px\" \/>\t\t\t\t\t\t\t\t\t\t\t\t\t\t\t<\/div>\n\t\t\t\t\t<\/div>\n\t\t\t\t<\/div>\n\t\t\t\t<\/div>\n\t\t","protected":false},"excerpt":{"rendered":"<p>A PROPOS Coda M\u00e9dia, c\u2019est avant tout une aventure humaine et artistique, n\u00e9e en 2017 de la passion commune de Maryse et Alain, un couple uni par l\u2019amour de la musique et du cin\u00e9ma. Nous avons fond\u00e9 Coda M\u00e9dia avec une mission simple mais ambitieuse : allier cr\u00e9ativit\u00e9 et expertise pour accompagner les artistes et [&hellip;]<\/p>\n","protected":false},"author":1,"featured_media":0,"parent":0,"menu_order":0,"comment_status":"closed","ping_status":"closed","template":"","meta":{"_eb_attr":"","footnotes":""},"class_list":["post-38","page","type-page","status-publish","hentry"],"_links":{"self":[{"href":"https:\/\/www.codamedia.fr\/index.php\/wp-json\/wp\/v2\/pages\/38","targetHints":{"allow":["GET"]}}],"collection":[{"href":"https:\/\/www.codamedia.fr\/index.php\/wp-json\/wp\/v2\/pages"}],"about":[{"href":"https:\/\/www.codamedia.fr\/index.php\/wp-json\/wp\/v2\/types\/page"}],"author":[{"embeddable":true,"href":"https:\/\/www.codamedia.fr\/index.php\/wp-json\/wp\/v2\/users\/1"}],"replies":[{"embeddable":true,"href":"https:\/\/www.codamedia.fr\/index.php\/wp-json\/wp\/v2\/comments?post=38"}],"version-history":[{"count":15,"href":"https:\/\/www.codamedia.fr\/index.php\/wp-json\/wp\/v2\/pages\/38\/revisions"}],"predecessor-version":[{"id":625,"href":"https:\/\/www.codamedia.fr\/index.php\/wp-json\/wp\/v2\/pages\/38\/revisions\/625"}],"wp:attachment":[{"href":"https:\/\/www.codamedia.fr\/index.php\/wp-json\/wp\/v2\/media?parent=38"}],"curies":[{"name":"wp","href":"https:\/\/api.w.org\/{rel}","templated":true}]}}